{"id":6,"date":"2015-02-15T20:22:43","date_gmt":"2015-02-15T20:22:43","guid":{"rendered":"http:\/\/fahrevents-schettler.de\/?page_id=6"},"modified":"2023-03-06T11:44:11","modified_gmt":"2023-03-06T11:44:11","slug":"wir-ueber-uns","status":"publish","type":"page","link":"https:\/\/fahrevents-schettler.de\/?page_id=6","title":{"rendered":"Wir \u00fcber uns"},"content":{"rendered":"<p>Wir sind ein kleines Unternehmen mit langj\u00e4hriger Erfahrung im Bereich Fahrsicherheitstraining. Unser Leitender Instruktor J\u00f6rg Schettler, greift auf 30 Jahre Erfahrung als Ausbilder im Bereich Fahrsicherheitstraining zur\u00fcck.<\/p>\n<p>Wir k\u00f6nnen au\u00dferdem auf Erfahrungen aus den verschiedensten Bereichen der Fahrsicherheit zur\u00fcckgreifen: Gel\u00e4ndefahrtraining, Fahrsicherheit f\u00fcr Rettungsdienste, Firmen und Privatleute.<\/p>\n<p>Im Bereich der Feuerwehren und Rettungsdienste schulen wir Lehrinhalte wie Fahrsicherheit, Sonder- und Wegerecht sowie Ladungssicherung schon seit \u00fcber 17 Jahre.<\/p>\n<p>Seit 2011 sind wir Ausbildungstr\u00e4ger der Kommunalen Unfallversicherung Bayern im Programm &#8222;Risiko-Raus&#8220;. Durch dieses Programm besteht f\u00fcr alle Freiwilligen Feuerwehren aus Bayern die M\u00f6glichkeit auf eine Bezuschussung f\u00fcr Fahrtrainings.<\/p>\n<p>\u00dcber die letzten 17 Jahre haben wir speziell im Bereich der Rettungsdienste und Feuerwehren festgestellt, dass lange Anfahrtswege zu den Trainingspl\u00e4tzen sehr aufwendig und deshalb oftmals nicht durchf\u00fchrbar sind. Mit diesem Hintergrund haben wir ein mobiles Fahrsicherheitstraining entwickelt, welches zu den Teilnehmern kommt, dabei die Einsatzbereitschaft erh\u00e4lt und dennoch auf einem sehr hohen Trainingsniveau stattfindet.<\/p>\n<p>Profitieren Sie von unserem Training und investieren Sie in die Zukunft.<\/p>\n<p>Ihr Fahrevents Schettler Team<\/p>\n","protected":false},"excerpt":{"rendered":"<p>Wir sind ein kleines Unternehmen mit langj\u00e4hriger Erfahrung im Bereich Fahrsicherheitstraining. Unser Leitender Instruktor J\u00f6rg Schettler, greift auf 30 Jahre Erfahrung als Ausbilder im Bereich Fahrsicherheitstraining zur\u00fcck. Wir k\u00f6nnen au\u00dferdem auf Erfahrungen aus den verschiedensten Bereichen der Fahrsicherheit zur\u00fcckgreifen: Gel\u00e4ndefahrtraining, Fahrsicherheit f\u00fcr Rettungsdienste, Firmen und Privatleute. Im Bereich der Feuerwehren und Rettungsdienste schulen wir Lehrinhalte [&hellip;]<\/p>\n","protected":false},"author":2,"featured_media":0,"parent":0,"menu_order":3,"comment_status":"closed","ping_status":"closed","template":"","meta":[],"_links":{"self":[{"href":"https:\/\/fahrevents-schettler.de\/index.php?rest_route=\/wp\/v2\/pages\/6"}],"collection":[{"href":"https:\/\/fahrevents-schettler.de\/index.php?rest_route=\/wp\/v2\/pages"}],"about":[{"href":"https:\/\/fahrevents-schettler.de\/index.php?rest_route=\/wp\/v2\/types\/page"}],"author":[{"embeddable":true,"href":"https:\/\/fahrevents-schettler.de\/index.php?rest_route=\/wp\/v2\/users\/2"}],"replies":[{"embeddable":true,"href":"https:\/\/fahrevents-schettler.de\/index.php?rest_route=%2Fwp%2Fv2%2Fcomments&post=6"}],"version-history":[{"count":8,"href":"https:\/\/fahrevents-schettler.de\/index.php?rest_route=\/wp\/v2\/pages\/6\/revisions"}],"predecessor-version":[{"id":237,"href":"https:\/\/fahrevents-schettler.de\/index.php?rest_route=\/wp\/v2\/pages\/6\/revisions\/237"}],"wp:attachment":[{"href":"https:\/\/fahrevents-schettler.de\/index.php?rest_route=%2Fwp%2Fv2%2Fmedia&parent=6"}],"curies":[{"name":"wp","href":"https:\/\/api.w.org\/{rel}","templated":true}]}}