{"id":59,"date":"2015-02-15T22:26:46","date_gmt":"2015-02-15T22:26:46","guid":{"rendered":"http:\/\/fahrevents-schettler.de\/?page_id=59"},"modified":"2015-11-26T23:00:28","modified_gmt":"2015-11-26T23:00:28","slug":"referenzen","status":"publish","type":"page","link":"https:\/\/fahrevents-schettler.de\/?page_id=59","title":{"rendered":"Referenzen"},"content":{"rendered":"<p>&nbsp;<\/p>\n<p>&nbsp;<\/p>\n<table border=\"0\">\n<tbody>\n<tr>\n<td>\n<p style=\"text-align: left;\">Hier ein kleiner Auszug unserer Kunden, wir sind in ganz Deutschland aktiv:<\/p>\n<p style=\"text-align: left;\">Freiwillige Feuerwehr Bobingen<\/p>\n<p style=\"text-align: left;\">Freiwillige Feuerwehr Gersthofen<\/p>\n<p style=\"text-align: left;\">Freiwillige Feuerwehr G\u00fcnzburg<\/p>\n<p style=\"text-align: left;\">Freiwillige Feuerwehr Ronneburg (Th\u00fcringen)<\/p>\n<p style=\"text-align: left;\">Freiwillige Feuerwehr Langweid<\/p>\n<p style=\"text-align: left;\">Freiwillige Feuerwehr Stadtbergen<\/p>\n<p style=\"text-align: left;\">Kreisbrandinspektion Ostallg\u00e4u<\/p>\n<p style=\"text-align: left;\">Bayerisches Rotes Kreuz<\/p>\n<p style=\"text-align: left;\">Bauhof Bobingen<\/p>\n<p style=\"text-align: left;\">Staatliche Einrichtungen<\/p>\n<p style=\"text-align: left;\">Fahrschulen aus Augsburg<\/p>\n<p style=\"text-align: left;\">Open Grid Europe GmbH<\/p>\n<p style=\"text-align: left;\">und viele mehr&#8230;&#8230;<\/p>\n<\/td>\n<td>Quelle: maps.google.de<\/td>\n<\/tr>\n<\/tbody>\n<\/table>\n<p>&nbsp;<\/p>\n<p>&nbsp;<\/p>\n<p>&nbsp;<\/p>\n<p>&nbsp;<\/p>\n<p>&nbsp;<\/p>\n<p>&nbsp;<\/p>\n","protected":false},"excerpt":{"rendered":"<p>&nbsp; &nbsp; Hier ein kleiner Auszug unserer Kunden, wir sind in ganz Deutschland aktiv: Freiwillige Feuerwehr Bobingen Freiwillige Feuerwehr Gersthofen Freiwillige Feuerwehr G\u00fcnzburg Freiwillige Feuerwehr Ronneburg (Th\u00fcringen) Freiwillige Feuerwehr Langweid Freiwillige Feuerwehr Stadtbergen Kreisbrandinspektion Ostallg\u00e4u Bayerisches Rotes Kreuz Bauhof Bobingen Staatliche Einrichtungen Fahrschulen aus Augsburg Open Grid Europe GmbH und viele mehr&#8230;&#8230; Quelle: maps.google.de &nbsp; [&hellip;]<\/p>\n","protected":false},"author":2,"featured_media":0,"parent":0,"menu_order":4,"comment_status":"closed","ping_status":"closed","template":"","meta":[],"_links":{"self":[{"href":"https:\/\/fahrevents-schettler.de\/index.php?rest_route=\/wp\/v2\/pages\/59"}],"collection":[{"href":"https:\/\/fahrevents-schettler.de\/index.php?rest_route=\/wp\/v2\/pages"}],"about":[{"href":"https:\/\/fahrevents-schettler.de\/index.php?rest_route=\/wp\/v2\/types\/page"}],"author":[{"embeddable":true,"href":"https:\/\/fahrevents-schettler.de\/index.php?rest_route=\/wp\/v2\/users\/2"}],"replies":[{"embeddable":true,"href":"https:\/\/fahrevents-schettler.de\/index.php?rest_route=%2Fwp%2Fv2%2Fcomments&post=59"}],"version-history":[{"count":16,"href":"https:\/\/fahrevents-schettler.de\/index.php?rest_route=\/wp\/v2\/pages\/59\/revisions"}],"predecessor-version":[{"id":206,"href":"https:\/\/fahrevents-schettler.de\/index.php?rest_route=\/wp\/v2\/pages\/59\/revisions\/206"}],"wp:attachment":[{"href":"https:\/\/fahrevents-schettler.de\/index.php?rest_route=%2Fwp%2Fv2%2Fmedia&parent=59"}],"curies":[{"name":"wp","href":"https:\/\/api.w.org\/{rel}","templated":true}]}}